{"id":351,"date":"2026-02-24T15:28:49","date_gmt":"2026-02-24T15:28:49","guid":{"rendered":"https:\/\/acii-conf.net\/2026\/?page_id=351"},"modified":"2026-04-17T20:55:21","modified_gmt":"2026-04-17T20:55:21","slug":"travel","status":"publish","type":"page","link":"https:\/\/acii-conf.net\/2026\/index.php\/travel\/","title":{"rendered":"Travel Information"},"content":{"rendered":"\n<h2 class=\"wp-block-heading has-large-font-size\"><strong>Arrival Routes<\/strong><\/h2>\n\n\n\n<p><strong>From Mexico City\u2019s International Airport to Puebla<\/strong><\/p>\n\n\n\n<p>The Benito Ju\u00e1rez International Airport (AICM) is located approximately 125 km from the city of Puebla. The transportation option is to take a bus to \u201cPaseo Destino\u201d (this is the recommended terminal), however another option is to take a bus to the \u201cPuebla Central Bus Station (CAPU)\u201d, so we recommend the following lines:<\/p>\n\n\n\n<p><\/p>\n\n\n\n<p><em>To Paseo Destino:<\/em><\/p>\n\n\n\n<p><a href=\"https:\/\/www.ado.com.mx\/\">ADO <\/a><\/p>\n\n\n\n<ul class=\"wp-block-list\">\n<li>Time: 150 \u2013 180 minutes<\/li>\n\n\n\n<li>Cost: $500MXN ($29 USD)<\/li>\n<\/ul>\n\n\n\n<p><a href=\"https:\/\/www.estrellaroja.com.mx\/\">Estrella Roja<\/a><\/p>\n\n\n\n<ul class=\"wp-block-list\">\n<li>Time: 150 \u2013 180 minutes<\/li>\n\n\n\n<li>Cost: $580MXN ($28 USD)<\/li>\n<\/ul>\n\n\n\n<p><\/p>\n\n\n\n<p><em>Arrival Instructions:<\/em><\/p>\n\n\n\n<p>Once you arrive, you can book a taxi to get to your hotel or head to the event venue.<\/p>\n\n\n\n<p>Uber, Didi, Taxi<\/p>\n\n\n\n<p>Time: 20 \u2013 30 minutes<\/p>\n\n\n\n<p>Cost: $150\u2013 $250MXN ($8 \u2013 $15 USD)<\/p>\n\n\n\n<div class=\"wp-block-columns is-layout-flex wp-container-core-columns-is-layout-28f84493 wp-block-columns-is-layout-flex\">\n<div class=\"wp-block-column is-layout-flow wp-block-column-is-layout-flow\">\n<iframe src=\"https:\/\/www.google.com\/maps\/embed?pb=!1m28!1m12!1m3!1d446724.9726987813!2d-98.9746708!3d19.345918200000003!2m3!1f0!2f0!3f0!3m2!1i1024!2i768!4f13.1!4m13!3e0!4m5!1s0x85d1fc77bd93229f%3A0x2d07ef561bad244!2sAeropuerto%20Internacional%20de%20la%20Ciudad%20de%20M%C3%A9xico%2C%20Av.%20Capit%C3%A1n%20Carlos%20Le%C3%B3n%20S%2FN%2C%20Pe%C3%B1%C3%B3n%20de%20los%20Ba%C3%B1os%2C%20Venustiano%20Carranza%2C%2015620%20Ciudad%20de%20M%C3%A9xico%2C%20CDMX!3m2!1d19.4360762!2d-99.07190829999999!4m5!1s0x85cfc1392cab6087%3A0x3031f091afcd113c!2sCentral%20De%20Autobuses%20CAPU%2C%20Zona%20Capu%2C%2072045%20Heroica%20Puebla%20de%20Zaragoza%2C%20Pue.!3m2!1d19.07333!2d-98.20483!5e1!3m2!1ses!2smx!4v1771866755689!5m2!1ses!2smx\" width=\"600\" height=\"450\" style=\"border:0;\" loading=\"lazy\" class=\"center-iframe\"><\/iframe>\n<\/div>\n<\/div>\n\n\n\n<p><\/p>\n\n\n\n<p><em>To \u201cPuebla Central Bus Station (CAPU)\u201d:<\/em><\/p>\n\n\n\n<p><a href=\"https:\/\/www.ado.com.mx\/\">ADO <\/a><\/p>\n\n\n\n<ul class=\"wp-block-list\">\n<li>Time: 150 \u2013 180 minutes<\/li>\n\n\n\n<li>Cost: $450MXN ($25 USD)<\/li>\n<\/ul>\n\n\n\n<p><a href=\"https:\/\/www.estrellaroja.com.mx\/\">Estrella Roja<\/a><\/p>\n\n\n\n<ul class=\"wp-block-list\">\n<li>Time: 150 \u2013 180 minutes<\/li>\n\n\n\n<li>Cost: $498MXN ($27 USD)<\/li>\n<\/ul>\n\n\n\n<p><\/p>\n\n\n\n<p><em>Arrival Instructions:<\/em><\/p>\n\n\n\n<p>Once you arrive, you can book a taxi to get to your hotel or head to the event venue.<\/p>\n\n\n\n<p>Uber, Didi, Taxi<\/p>\n\n\n\n<p>Time: 20 \u2013 30 minutes<\/p>\n\n\n\n<p>Cost: $100\u2013 $200MXN ($5 \u2013 $10 USD)<\/p>\n\n\n\n<div class=\"wp-block-columns is-layout-flex wp-container-core-columns-is-layout-28f84493 wp-block-columns-is-layout-flex\">\n<div class=\"wp-block-column is-layout-flow wp-block-column-is-layout-flow\">\n<iframe src=\"https:\/\/www.google.com\/maps\/embed?pb=!1m28!1m12!1m3!1d446724.9726987813!2d-98.9746708!3d19.345918200000003!2m3!1f0!2f0!3f0!3m2!1i1024!2i768!4f13.1!4m13!3e0!4m5!1s0x85d1fc77bd93229f%3A0x2d07ef561bad244!2sAeropuerto%20Internacional%20de%20la%20Ciudad%20de%20M%C3%A9xico%2C%20Av.%20Capit%C3%A1n%20Carlos%20Le%C3%B3n%20S%2FN%2C%20Pe%C3%B1%C3%B3n%20de%20los%20Ba%C3%B1os%2C%20Venustiano%20Carranza%2C%2015620%20Ciudad%20de%20M%C3%A9xico%2C%20CDMX!3m2!1d19.4360762!2d-99.07190829999999!4m5!1s0x85cfc1392cab6087%3A0x3031f091afcd113c!2sCentral%20De%20Autobuses%20CAPU%2C%20Zona%20Capu%2C%2072045%20Heroica%20Puebla%20de%20Zaragoza%2C%20Pue.!3m2!1d19.07333!2d-98.20483!5e1!3m2!1ses!2smx!4v1771866755689!5m2!1ses!2smx\" width=\"600\" height=\"450\" style=\"border:0;\" allowfullscreen=\"\" loading=\"lazy\" referrerpolicy=\"no-referrer-when-downgrade\"><\/iframe>\n<\/div>\n<\/div>\n\n\n\n<p><\/p>\n\n\n\n<p>If needed, there are several Hotels connected to the International Airport. We share a map locating the different options available.<\/p>\n\n\n\n<div class=\"wp-block-columns is-layout-flex wp-container-core-columns-is-layout-28f84493 wp-block-columns-is-layout-flex\">\n<div class=\"wp-block-column is-layout-flow wp-block-column-is-layout-flow\">\n<iframe src=\"https:\/\/www.google.com\/maps\/embed?pb=!1m16!1m12!1m3!1d18303.56200288054!2d-99.09050683878091!3d19.42896472877683!2m3!1f0!2f0!3f0!3m2!1i1024!2i768!4f13.1!2m1!1sHoteles!5e1!3m2!1ses!2smx!4v1776295118208!5m2!1ses!2smx\" width=\"600\" height=\"450\" style=\"border:0;\" allowfullscreen=\"\" loading=\"lazy\" referrerpolicy=\"no-referrer-when-downgrade\"><\/iframe>\n<\/div>\n<\/div>\n\n\n\n<p><\/p>\n\n\n\n<p><strong>From Puebla\u2019s International Airport<\/strong><\/p>\n\n\n\n<p>The Hermanos Serd\u00e1n International Airport (PBC) is located approximately 35 km from the event venue. The transportation option is to book an Uber or a taxi to get to your hotel or head to the event venue.<\/p>\n\n\n\n<p>Uber, Didi, Taxi<\/p>\n\n\n\n<p>Time: 20 \u2013 30 minutes<\/p>\n\n\n\n<p>Cost: $300 \u2013 $400 MXN ($17 \u2013 $24 USD)<\/p>\n\n\n\n<div class=\"wp-block-columns is-layout-flex wp-container-core-columns-is-layout-28f84493 wp-block-columns-is-layout-flex\">\n<div class=\"wp-block-column is-layout-flow wp-block-column-is-layout-flow\">\n<iframe src=\"https:\/\/www.google.com\/maps\/embed?pb=!1m28!1m12!1m3!1d111840.55649655237!2d-98.36584337207643!3d19.111761768591556!2m3!1f0!2f0!3f0!3m2!1i1024!2i768!4f13.1!4m13!3e0!4m5!1s0x85cfce424515c9a1%3A0xbd806cd9f7e16dca!2sAeropuerto%20Internacional%20de%20Puebla%2C%20Carr.%20Federal%20M%C3%A9xico-Puebla%20Km%2091.5%2C%2074160%20Huejotzingo%2C%20Pue.!3m2!1d19.1638385!2d-98.37609289999999!4m5!1s0x85cfc1580b2b0cd9%3A0x6e8cbe35c02540a0!2sCentro%20de%20Convenciones%2C%20Blvd.%20H%C3%A9roes%20del%205%20de%20Mayo%20402%2C%20Centro%20hist%C3%B3rico%20de%20Puebla%2C%2072000%20Heroica%20Puebla%20de%20Zaragoza%2C%20Pue.!3m2!1d19.0432332!2d-98.19164289999999!5e1!3m2!1ses!2smx!4v1771867081273!5m2!1ses!2smx\" width=\"600\" height=\"450\" style=\"border:0;\" allowfullscreen=\"\" loading=\"lazy\" referrerpolicy=\"no-referrer-when-downgrade\"><\/iframe>\n<\/div>\n<\/div>\n\n\n\n<p><\/p>\n\n\n\n<h2 class=\"wp-block-heading has-large-font-size\"><strong>CENTRO DE CONVENCIONES DE PUEBLA WILLIAM O. JENKINS<\/strong><\/h2>\n\n\n\n<figure class=\"wp-block-image size-large\"><img loading=\"lazy\" decoding=\"async\" width=\"1024\" height=\"768\" src=\"https:\/\/acii-conf.net\/2026\/wp-content\/uploads\/2026\/02\/FachadaCentroConvenciones-1024x768.jpeg\" alt=\"\" class=\"wp-image-359\" srcset=\"https:\/\/acii-conf.net\/2026\/wp-content\/uploads\/2026\/02\/FachadaCentroConvenciones-1024x768.jpeg 1024w, https:\/\/acii-conf.net\/2026\/wp-content\/uploads\/2026\/02\/FachadaCentroConvenciones-300x225.jpeg 300w, https:\/\/acii-conf.net\/2026\/wp-content\/uploads\/2026\/02\/FachadaCentroConvenciones-768x576.jpeg 768w, https:\/\/acii-conf.net\/2026\/wp-content\/uploads\/2026\/02\/FachadaCentroConvenciones-1536x1152.jpeg 1536w, https:\/\/acii-conf.net\/2026\/wp-content\/uploads\/2026\/02\/FachadaCentroConvenciones-2048x1536.jpeg 2048w\" sizes=\"auto, (max-width: 1024px) 100vw, 1024px\" \/><\/figure>\n\n\n\n<p>On an area of 1 hectare, it has a built area of 33,000 square meters. The building combines several architectural styles such as neoclassical and industrial, all within a framework of modernism.<\/p>\n\n\n\n<p>The Puebla Convention Center is unique in America for being located in the heart of the Historic Center of the City. It has been installed over the buildings of the old textile factories: La Gu\u00eda, La Esperanza, La Mascota, and La Pastora, respecting the value of their essence, restoring their valuable elements, and giving them new life based on the needs and demands of modern life.<\/p>\n\n\n\n<div class=\"wp-block-columns is-layout-flex wp-container-core-columns-is-layout-28f84493 wp-block-columns-is-layout-flex\">\n<div class=\"wp-block-column is-layout-flow wp-block-column-is-layout-flow\">\n<iframe src=\"https:\/\/www.google.com\/maps\/embed?pb=!1m18!1m12!1m3!1d3496.463380159336!2d-98.19421782514046!3d19.043233182154587!2m3!1f0!2f0!3f0!3m2!1i1024!2i768!4f13.1!3m3!1m2!1s0x85cfc1580b2b0cd9%3A0x6e8cbe35c02540a0!2sCentro%20de%20Convenciones!5e1!3m2!1ses!2smx!4v1771867349368!5m2!1ses!2smx\" width=\"600\" height=\"450\" style=\"border:0;\" allowfullscreen=\"\" loading=\"lazy\" referrerpolicy=\"no-referrer-when-downgrade\"><\/iframe>\n<\/div>\n<\/div>\n\n\n\n<p><\/p>\n\n\n\n<h2 class=\"wp-block-heading has-large-font-size\"><strong>About Puebla<\/strong><\/h2>\n\n\n\n<figure class=\"wp-block-image size-full\"><img loading=\"lazy\" decoding=\"async\" width=\"1022\" height=\"428\" src=\"https:\/\/acii-conf.net\/2026\/wp-content\/uploads\/2026\/02\/piramide_s.jpg\" alt=\"\" class=\"wp-image-361\" srcset=\"https:\/\/acii-conf.net\/2026\/wp-content\/uploads\/2026\/02\/piramide_s.jpg 1022w, https:\/\/acii-conf.net\/2026\/wp-content\/uploads\/2026\/02\/piramide_s-300x126.jpg 300w, https:\/\/acii-conf.net\/2026\/wp-content\/uploads\/2026\/02\/piramide_s-768x322.jpg 768w\" sizes=\"auto, (max-width: 1022px) 100vw, 1022px\" \/><\/figure>\n\n\n\n<p>Puebla is a jewel in the heart of Mexico, a state that shines for its rich historical heritage, its impressive architectural legacy, and its deep cultural identity.<\/p>\n\n\n\n<p>Walking through the historic center of Puebla \u2014a UNESCO World Heritage Site\u2014 is to find yourself in a true living work of art, surrounded by baroque churches like Puebla Cathedral and the Chapel of the Rosary, convents, and colonial mansions with talavera-tiled facades.<\/p>\n\n\n\n<figure class=\"wp-block-image size-large\"><img loading=\"lazy\" decoding=\"async\" width=\"1024\" height=\"683\" src=\"https:\/\/acii-conf.net\/2026\/wp-content\/uploads\/2026\/02\/68ae400002456-IMG_6782_gmxdot_jpg-1024x683.jpeg\" alt=\"\" class=\"wp-image-360\" srcset=\"https:\/\/acii-conf.net\/2026\/wp-content\/uploads\/2026\/02\/68ae400002456-IMG_6782_gmxdot_jpg-1024x683.jpeg 1024w, https:\/\/acii-conf.net\/2026\/wp-content\/uploads\/2026\/02\/68ae400002456-IMG_6782_gmxdot_jpg-300x200.jpeg 300w, https:\/\/acii-conf.net\/2026\/wp-content\/uploads\/2026\/02\/68ae400002456-IMG_6782_gmxdot_jpg-768x512.jpeg 768w, https:\/\/acii-conf.net\/2026\/wp-content\/uploads\/2026\/02\/68ae400002456-IMG_6782_gmxdot_jpg-1536x1024.jpeg 1536w, https:\/\/acii-conf.net\/2026\/wp-content\/uploads\/2026\/02\/68ae400002456-IMG_6782_gmxdot_jpg-2048x1365.jpeg 2048w\" sizes=\"auto, (max-width: 1024px) 100vw, 1024px\" \/><\/figure>\n\n\n\n<p><\/p>\n\n\n\n<p>In Puebla is surrounded by majestic landscapes among valleys and volcanoes, such as the Tehuac\u00e1n-Cuicatl\u00e1n Biosphere Reserve and the imposing Popocat\u00e9petl volcano.<\/p>\n\n\n\n<p>Puebla Gastronomy<\/p>\n\n\n\n<p>In November 2010, UNESCO recognized Mexican gastronomy as Intangible Cultural Heritage of Humanity, including two very traditional Puebla dishes: the iconic Chile en Nogada and the traditional Mole Poblano. These two Puebla dishes represent Mexico worldwide.<\/p>\n\n\n\n<figure class=\"wp-block-image size-large\"><img loading=\"lazy\" decoding=\"async\" width=\"1024\" height=\"683\" src=\"https:\/\/acii-conf.net\/2026\/wp-content\/uploads\/2026\/02\/Gastronomia-1024x683.png\" alt=\"\" class=\"wp-image-362\" srcset=\"https:\/\/acii-conf.net\/2026\/wp-content\/uploads\/2026\/02\/Gastronomia-1024x683.png 1024w, https:\/\/acii-conf.net\/2026\/wp-content\/uploads\/2026\/02\/Gastronomia-300x200.png 300w, https:\/\/acii-conf.net\/2026\/wp-content\/uploads\/2026\/02\/Gastronomia-768x512.png 768w, https:\/\/acii-conf.net\/2026\/wp-content\/uploads\/2026\/02\/Gastronomia-1536x1024.png 1536w, https:\/\/acii-conf.net\/2026\/wp-content\/uploads\/2026\/02\/Gastronomia-2048x1365.png 2048w\" sizes=\"auto, (max-width: 1024px) 100vw, 1024px\" \/><\/figure>\n\n\n\n<p><\/p>\n\n\n\n<p><\/p>\n\n\n\n<p><strong>For more information see:<\/strong><\/p>\n\n\n\n<p><a href=\"https:\/\/visitpuebla.mx\">https:\/\/visitpuebla.mx<\/a><\/p>\n\n\n\n<p><\/p>\n","protected":false},"excerpt":{"rendered":"<p>Arrival Routes From Mexico City\u2019s International Airport to Puebla The Benito Ju\u00e1rez International Airport (AICM) is located approximately 125 km from the city of Puebla. The transportation option is to take a bus to \u201cPaseo Destino\u201d (this is the recommended terminal), however another option is to take a bus to the \u201cPuebla Central Bus Station [&hellip;]<\/p>\n","protected":false},"author":2,"featured_media":0,"parent":0,"menu_order":0,"comment_status":"closed","ping_status":"closed","template":"","meta":{"footnotes":""},"class_list":["post-351","page","type-page","status-publish","hentry"],"yoast_head":"<!-- This site is optimized with the Yoast SEO plugin v27.4 - https:\/\/yoast.com\/product\/yoast-seo-wordpress\/ -->\n<title>Travel Information - ACII 2026<\/title>\n<meta name=\"robots\" content=\"index, follow, max-snippet:-1, max-image-preview:large, max-video-preview:-1\" \/>\n<link rel=\"canonical\" href=\"https:\/\/acii-conf.net\/2026\/index.php\/travel\/\" \/>\n<meta property=\"og:locale\" content=\"en_US\" \/>\n<meta property=\"og:type\" content=\"article\" \/>\n<meta property=\"og:title\" content=\"Travel Information - ACII 2026\" \/>\n<meta property=\"og:description\" content=\"Arrival Routes From Mexico City\u2019s International Airport to Puebla The Benito Ju\u00e1rez International Airport (AICM) is located approximately 125 km from the city of Puebla. The transportation option is to take a bus to \u201cPaseo Destino\u201d (this is the recommended terminal), however another option is to take a bus to the \u201cPuebla Central Bus Station [&hellip;]\" \/>\n<meta property=\"og:url\" content=\"https:\/\/acii-conf.net\/2026\/index.php\/travel\/\" \/>\n<meta property=\"og:site_name\" content=\"ACII 2026\" \/>\n<meta property=\"article:modified_time\" content=\"2026-04-17T20:55:21+00:00\" \/>\n<meta property=\"og:image\" content=\"https:\/\/acii-conf.net\/2026\/wp-content\/uploads\/2026\/02\/FachadaCentroConvenciones-scaled.jpeg\" \/>\n\t<meta property=\"og:image:width\" content=\"2560\" \/>\n\t<meta property=\"og:image:height\" content=\"1920\" \/>\n\t<meta property=\"og:image:type\" content=\"image\/jpeg\" \/>\n<meta name=\"twitter:card\" content=\"summary_large_image\" \/>\n<meta name=\"twitter:label1\" content=\"Est. reading time\" \/>\n\t<meta name=\"twitter:data1\" content=\"3 minutes\" \/>\n<script type=\"application\/ld+json\" class=\"yoast-schema-graph\">{\"@context\":\"https:\\\/\\\/schema.org\",\"@graph\":[{\"@type\":\"WebPage\",\"@id\":\"https:\\\/\\\/acii-conf.net\\\/2026\\\/index.php\\\/travel\\\/\",\"url\":\"https:\\\/\\\/acii-conf.net\\\/2026\\\/index.php\\\/travel\\\/\",\"name\":\"Travel Information - ACII 2026\",\"isPartOf\":{\"@id\":\"https:\\\/\\\/acii-conf.net\\\/2026\\\/#website\"},\"primaryImageOfPage\":{\"@id\":\"https:\\\/\\\/acii-conf.net\\\/2026\\\/index.php\\\/travel\\\/#primaryimage\"},\"image\":{\"@id\":\"https:\\\/\\\/acii-conf.net\\\/2026\\\/index.php\\\/travel\\\/#primaryimage\"},\"thumbnailUrl\":\"https:\\\/\\\/acii-conf.net\\\/2026\\\/wp-content\\\/uploads\\\/2026\\\/02\\\/FachadaCentroConvenciones-1024x768.jpeg\",\"datePublished\":\"2026-02-24T15:28:49+00:00\",\"dateModified\":\"2026-04-17T20:55:21+00:00\",\"breadcrumb\":{\"@id\":\"https:\\\/\\\/acii-conf.net\\\/2026\\\/index.php\\\/travel\\\/#breadcrumb\"},\"inLanguage\":\"en-US\",\"potentialAction\":[{\"@type\":\"ReadAction\",\"target\":[\"https:\\\/\\\/acii-conf.net\\\/2026\\\/index.php\\\/travel\\\/\"]}]},{\"@type\":\"ImageObject\",\"inLanguage\":\"en-US\",\"@id\":\"https:\\\/\\\/acii-conf.net\\\/2026\\\/index.php\\\/travel\\\/#primaryimage\",\"url\":\"https:\\\/\\\/acii-conf.net\\\/2026\\\/wp-content\\\/uploads\\\/2026\\\/02\\\/FachadaCentroConvenciones-scaled.jpeg\",\"contentUrl\":\"https:\\\/\\\/acii-conf.net\\\/2026\\\/wp-content\\\/uploads\\\/2026\\\/02\\\/FachadaCentroConvenciones-scaled.jpeg\",\"width\":2560,\"height\":1920},{\"@type\":\"BreadcrumbList\",\"@id\":\"https:\\\/\\\/acii-conf.net\\\/2026\\\/index.php\\\/travel\\\/#breadcrumb\",\"itemListElement\":[{\"@type\":\"ListItem\",\"position\":1,\"name\":\"Home\",\"item\":\"https:\\\/\\\/acii-conf.net\\\/2026\\\/\"},{\"@type\":\"ListItem\",\"position\":2,\"name\":\"Travel Information\"}]},{\"@type\":\"WebSite\",\"@id\":\"https:\\\/\\\/acii-conf.net\\\/2026\\\/#website\",\"url\":\"https:\\\/\\\/acii-conf.net\\\/2026\\\/\",\"name\":\"ACII 2026\",\"description\":\"\",\"publisher\":{\"@id\":\"https:\\\/\\\/acii-conf.net\\\/2026\\\/#organization\"},\"potentialAction\":[{\"@type\":\"SearchAction\",\"target\":{\"@type\":\"EntryPoint\",\"urlTemplate\":\"https:\\\/\\\/acii-conf.net\\\/2026\\\/?s={search_term_string}\"},\"query-input\":{\"@type\":\"PropertyValueSpecification\",\"valueRequired\":true,\"valueName\":\"search_term_string\"}}],\"inLanguage\":\"en-US\"},{\"@type\":\"Organization\",\"@id\":\"https:\\\/\\\/acii-conf.net\\\/2026\\\/#organization\",\"name\":\"ACII 2026\",\"url\":\"https:\\\/\\\/acii-conf.net\\\/2026\\\/\",\"logo\":{\"@type\":\"ImageObject\",\"inLanguage\":\"en-US\",\"@id\":\"https:\\\/\\\/acii-conf.net\\\/2026\\\/#\\\/schema\\\/logo\\\/image\\\/\",\"url\":\"https:\\\/\\\/acii-conf.net\\\/2026\\\/wp-content\\\/uploads\\\/2025\\\/12\\\/SiteLogo.png\",\"contentUrl\":\"https:\\\/\\\/acii-conf.net\\\/2026\\\/wp-content\\\/uploads\\\/2025\\\/12\\\/SiteLogo.png\",\"width\":1024,\"height\":1024,\"caption\":\"ACII 2026\"},\"image\":{\"@id\":\"https:\\\/\\\/acii-conf.net\\\/2026\\\/#\\\/schema\\\/logo\\\/image\\\/\"}}]}<\/script>\n<!-- \/ Yoast SEO plugin. -->","yoast_head_json":{"title":"Travel Information - ACII 2026","robots":{"index":"index","follow":"follow","max-snippet":"max-snippet:-1","max-image-preview":"max-image-preview:large","max-video-preview":"max-video-preview:-1"},"canonical":"https:\/\/acii-conf.net\/2026\/index.php\/travel\/","og_locale":"en_US","og_type":"article","og_title":"Travel Information - ACII 2026","og_description":"Arrival Routes From Mexico City\u2019s International Airport to Puebla The Benito Ju\u00e1rez International Airport (AICM) is located approximately 125 km from the city of Puebla. The transportation option is to take a bus to \u201cPaseo Destino\u201d (this is the recommended terminal), however another option is to take a bus to the \u201cPuebla Central Bus Station [&hellip;]","og_url":"https:\/\/acii-conf.net\/2026\/index.php\/travel\/","og_site_name":"ACII 2026","article_modified_time":"2026-04-17T20:55:21+00:00","og_image":[{"width":2560,"height":1920,"url":"https:\/\/acii-conf.net\/2026\/wp-content\/uploads\/2026\/02\/FachadaCentroConvenciones-scaled.jpeg","type":"image\/jpeg"}],"twitter_card":"summary_large_image","twitter_misc":{"Est. reading time":"3 minutes"},"schema":{"@context":"https:\/\/schema.org","@graph":[{"@type":"WebPage","@id":"https:\/\/acii-conf.net\/2026\/index.php\/travel\/","url":"https:\/\/acii-conf.net\/2026\/index.php\/travel\/","name":"Travel Information - ACII 2026","isPartOf":{"@id":"https:\/\/acii-conf.net\/2026\/#website"},"primaryImageOfPage":{"@id":"https:\/\/acii-conf.net\/2026\/index.php\/travel\/#primaryimage"},"image":{"@id":"https:\/\/acii-conf.net\/2026\/index.php\/travel\/#primaryimage"},"thumbnailUrl":"https:\/\/acii-conf.net\/2026\/wp-content\/uploads\/2026\/02\/FachadaCentroConvenciones-1024x768.jpeg","datePublished":"2026-02-24T15:28:49+00:00","dateModified":"2026-04-17T20:55:21+00:00","breadcrumb":{"@id":"https:\/\/acii-conf.net\/2026\/index.php\/travel\/#breadcrumb"},"inLanguage":"en-US","potentialAction":[{"@type":"ReadAction","target":["https:\/\/acii-conf.net\/2026\/index.php\/travel\/"]}]},{"@type":"ImageObject","inLanguage":"en-US","@id":"https:\/\/acii-conf.net\/2026\/index.php\/travel\/#primaryimage","url":"https:\/\/acii-conf.net\/2026\/wp-content\/uploads\/2026\/02\/FachadaCentroConvenciones-scaled.jpeg","contentUrl":"https:\/\/acii-conf.net\/2026\/wp-content\/uploads\/2026\/02\/FachadaCentroConvenciones-scaled.jpeg","width":2560,"height":1920},{"@type":"BreadcrumbList","@id":"https:\/\/acii-conf.net\/2026\/index.php\/travel\/#breadcrumb","itemListElement":[{"@type":"ListItem","position":1,"name":"Home","item":"https:\/\/acii-conf.net\/2026\/"},{"@type":"ListItem","position":2,"name":"Travel Information"}]},{"@type":"WebSite","@id":"https:\/\/acii-conf.net\/2026\/#website","url":"https:\/\/acii-conf.net\/2026\/","name":"ACII 2026","description":"","publisher":{"@id":"https:\/\/acii-conf.net\/2026\/#organization"},"potentialAction":[{"@type":"SearchAction","target":{"@type":"EntryPoint","urlTemplate":"https:\/\/acii-conf.net\/2026\/?s={search_term_string}"},"query-input":{"@type":"PropertyValueSpecification","valueRequired":true,"valueName":"search_term_string"}}],"inLanguage":"en-US"},{"@type":"Organization","@id":"https:\/\/acii-conf.net\/2026\/#organization","name":"ACII 2026","url":"https:\/\/acii-conf.net\/2026\/","logo":{"@type":"ImageObject","inLanguage":"en-US","@id":"https:\/\/acii-conf.net\/2026\/#\/schema\/logo\/image\/","url":"https:\/\/acii-conf.net\/2026\/wp-content\/uploads\/2025\/12\/SiteLogo.png","contentUrl":"https:\/\/acii-conf.net\/2026\/wp-content\/uploads\/2025\/12\/SiteLogo.png","width":1024,"height":1024,"caption":"ACII 2026"},"image":{"@id":"https:\/\/acii-conf.net\/2026\/#\/schema\/logo\/image\/"}}]}},"_links":{"self":[{"href":"https:\/\/acii-conf.net\/2026\/index.php\/wp-json\/wp\/v2\/pages\/351","targetHints":{"allow":["GET"]}}],"collection":[{"href":"https:\/\/acii-conf.net\/2026\/index.php\/wp-json\/wp\/v2\/pages"}],"about":[{"href":"https:\/\/acii-conf.net\/2026\/index.php\/wp-json\/wp\/v2\/types\/page"}],"author":[{"embeddable":true,"href":"https:\/\/acii-conf.net\/2026\/index.php\/wp-json\/wp\/v2\/users\/2"}],"replies":[{"embeddable":true,"href":"https:\/\/acii-conf.net\/2026\/index.php\/wp-json\/wp\/v2\/comments?post=351"}],"version-history":[{"count":10,"href":"https:\/\/acii-conf.net\/2026\/index.php\/wp-json\/wp\/v2\/pages\/351\/revisions"}],"predecessor-version":[{"id":460,"href":"https:\/\/acii-conf.net\/2026\/index.php\/wp-json\/wp\/v2\/pages\/351\/revisions\/460"}],"wp:attachment":[{"href":"https:\/\/acii-conf.net\/2026\/index.php\/wp-json\/wp\/v2\/media?parent=351"}],"curies":[{"name":"wp","href":"https:\/\/api.w.org\/{rel}","templated":true}]}}