{"id":104,"date":"2025-12-11T23:53:06","date_gmt":"2025-12-11T23:53:06","guid":{"rendered":"https:\/\/acii-conf.net\/2026\/index.php\/senior-program-committee\/"},"modified":"2026-03-01T23:39:17","modified_gmt":"2026-03-01T23:39:17","slug":"senior-program-committee","status":"publish","type":"page","link":"https:\/\/acii-conf.net\/2026\/index.php\/senior-program-committee\/","title":{"rendered":"Senior Program Committee"},"content":{"rendered":"\n<p>Albert Ali Salah &#8211; Utrecht University<br>Mohamed Daoudi &#8211; IMT Nord Europe<br>Celso de Melo &#8211; US Army DEVCOM Research Laboratory<br>Anna Esposito &#8211; Universit\u00e0 della Campania Luigi Vanvitelli<br>Ali Etemad &#8211; Queen&#8217;s University<br>Didem Gurdur Broo &#8211; Uppsala University<br>Saurabh Hinduja &#8211; CGI Technologies and Solutions<br>Jesse Hoey &#8211; University of Waterloo<br>Heysem Kaya &#8211; Utrecht University<br>Maurizio Mancini &#8211; Sapienza University of Rome<br>Marc Mehu &#8211; Webster Vienna Private University<br>Hongying Meng &#8211; Brunel University London<br>Radoslaw Niewiadomski &#8211; University of Genoa<br>Magalie Ochs &#8211; Aix-Marseille University<br>Andre Pereira &#8211; KTH Royal Institute Of Technology<br>Monica Perusqu\u00eda-Hern\u00e1ndez &#8211; Nara Institute of Science and Technology<br>Bjoern Schuller &#8211; Technische Universit\u00e4t M\u00fcnchen<br>Mohammad Soleymani &#8211; University of Southern California<br>Rukshani Somarathna &#8211; Commonwealth Scientific and Industrial Research Organisation (CSIRO)<br>Micol Spitale &#8211; Politecnico di Milano<br>Georgios N. Yannakakis &#8211; University of Malta<br>Tom Ziemke &#8211; Link\u00f6ping University<br>Beatrice Biancardi &#8211; LINEACT CESI<br>Joost Broekens &#8211; Leiden University<\/p>\n","protected":false},"excerpt":{"rendered":"<p>Albert Ali Salah &#8211; Utrecht UniversityMohamed Daoudi &#8211; IMT Nord EuropeCelso de Melo &#8211; US Army DEVCOM Research LaboratoryAnna Esposito &#8211; Universit\u00e0 della Campania Luigi VanvitelliAli Etemad &#8211; Queen&#8217;s UniversityDidem Gurdur Broo &#8211; Uppsala UniversitySaurabh Hinduja &#8211; CGI Technologies and SolutionsJesse Hoey &#8211; University of WaterlooHeysem Kaya &#8211; Utrecht UniversityMaurizio Mancini &#8211; Sapienza University of [&hellip;]<\/p>\n","protected":false},"author":1,"featured_media":0,"parent":0,"menu_order":0,"comment_status":"closed","ping_status":"closed","template":"","meta":{"footnotes":""},"class_list":["post-104","page","type-page","status-publish","hentry"],"yoast_head":"<!-- This site is optimized with the Yoast SEO plugin v27.4 - https:\/\/yoast.com\/product\/yoast-seo-wordpress\/ -->\n<title>Senior Program Committee - ACII 2026<\/title>\n<meta name=\"robots\" content=\"index, follow, max-snippet:-1, max-image-preview:large, max-video-preview:-1\" \/>\n<link rel=\"canonical\" href=\"https:\/\/acii-conf.net\/2026\/index.php\/senior-program-committee\/\" \/>\n<meta property=\"og:locale\" content=\"en_US\" \/>\n<meta property=\"og:type\" content=\"article\" \/>\n<meta property=\"og:title\" content=\"Senior Program Committee - ACII 2026\" \/>\n<meta property=\"og:description\" content=\"Albert Ali Salah &#8211; Utrecht UniversityMohamed Daoudi &#8211; IMT Nord EuropeCelso de Melo &#8211; US Army DEVCOM Research LaboratoryAnna Esposito &#8211; Universit\u00e0 della Campania Luigi VanvitelliAli Etemad &#8211; Queen&#8217;s UniversityDidem Gurdur Broo &#8211; Uppsala UniversitySaurabh Hinduja &#8211; CGI Technologies and SolutionsJesse Hoey &#8211; University of WaterlooHeysem Kaya &#8211; Utrecht UniversityMaurizio Mancini &#8211; Sapienza University of [&hellip;]\" \/>\n<meta property=\"og:url\" content=\"https:\/\/acii-conf.net\/2026\/index.php\/senior-program-committee\/\" \/>\n<meta property=\"og:site_name\" content=\"ACII 2026\" \/>\n<meta property=\"article:modified_time\" content=\"2026-03-01T23:39:17+00:00\" \/>\n<meta name=\"twitter:card\" content=\"summary_large_image\" \/>\n<meta name=\"twitter:label1\" content=\"Est. reading time\" \/>\n\t<meta name=\"twitter:data1\" content=\"1 minute\" \/>\n<script type=\"application\/ld+json\" class=\"yoast-schema-graph\">{\"@context\":\"https:\\\/\\\/schema.org\",\"@graph\":[{\"@type\":\"WebPage\",\"@id\":\"https:\\\/\\\/acii-conf.net\\\/2026\\\/index.php\\\/senior-program-committee\\\/\",\"url\":\"https:\\\/\\\/acii-conf.net\\\/2026\\\/index.php\\\/senior-program-committee\\\/\",\"name\":\"Senior Program Committee - ACII 2026\",\"isPartOf\":{\"@id\":\"https:\\\/\\\/acii-conf.net\\\/2026\\\/#website\"},\"datePublished\":\"2025-12-11T23:53:06+00:00\",\"dateModified\":\"2026-03-01T23:39:17+00:00\",\"breadcrumb\":{\"@id\":\"https:\\\/\\\/acii-conf.net\\\/2026\\\/index.php\\\/senior-program-committee\\\/#breadcrumb\"},\"inLanguage\":\"en-US\",\"potentialAction\":[{\"@type\":\"ReadAction\",\"target\":[\"https:\\\/\\\/acii-conf.net\\\/2026\\\/index.php\\\/senior-program-committee\\\/\"]}]},{\"@type\":\"BreadcrumbList\",\"@id\":\"https:\\\/\\\/acii-conf.net\\\/2026\\\/index.php\\\/senior-program-committee\\\/#breadcrumb\",\"itemListElement\":[{\"@type\":\"ListItem\",\"position\":1,\"name\":\"Home\",\"item\":\"https:\\\/\\\/acii-conf.net\\\/2026\\\/\"},{\"@type\":\"ListItem\",\"position\":2,\"name\":\"Senior Program Committee\"}]},{\"@type\":\"WebSite\",\"@id\":\"https:\\\/\\\/acii-conf.net\\\/2026\\\/#website\",\"url\":\"https:\\\/\\\/acii-conf.net\\\/2026\\\/\",\"name\":\"ACII 2026\",\"description\":\"\",\"publisher\":{\"@id\":\"https:\\\/\\\/acii-conf.net\\\/2026\\\/#organization\"},\"potentialAction\":[{\"@type\":\"SearchAction\",\"target\":{\"@type\":\"EntryPoint\",\"urlTemplate\":\"https:\\\/\\\/acii-conf.net\\\/2026\\\/?s={search_term_string}\"},\"query-input\":{\"@type\":\"PropertyValueSpecification\",\"valueRequired\":true,\"valueName\":\"search_term_string\"}}],\"inLanguage\":\"en-US\"},{\"@type\":\"Organization\",\"@id\":\"https:\\\/\\\/acii-conf.net\\\/2026\\\/#organization\",\"name\":\"ACII 2026\",\"url\":\"https:\\\/\\\/acii-conf.net\\\/2026\\\/\",\"logo\":{\"@type\":\"ImageObject\",\"inLanguage\":\"en-US\",\"@id\":\"https:\\\/\\\/acii-conf.net\\\/2026\\\/#\\\/schema\\\/logo\\\/image\\\/\",\"url\":\"https:\\\/\\\/acii-conf.net\\\/2026\\\/wp-content\\\/uploads\\\/2025\\\/12\\\/SiteLogo.png\",\"contentUrl\":\"https:\\\/\\\/acii-conf.net\\\/2026\\\/wp-content\\\/uploads\\\/2025\\\/12\\\/SiteLogo.png\",\"width\":1024,\"height\":1024,\"caption\":\"ACII 2026\"},\"image\":{\"@id\":\"https:\\\/\\\/acii-conf.net\\\/2026\\\/#\\\/schema\\\/logo\\\/image\\\/\"}}]}<\/script>\n<!-- \/ Yoast SEO plugin. -->","yoast_head_json":{"title":"Senior Program Committee - ACII 2026","robots":{"index":"index","follow":"follow","max-snippet":"max-snippet:-1","max-image-preview":"max-image-preview:large","max-video-preview":"max-video-preview:-1"},"canonical":"https:\/\/acii-conf.net\/2026\/index.php\/senior-program-committee\/","og_locale":"en_US","og_type":"article","og_title":"Senior Program Committee - ACII 2026","og_description":"Albert Ali Salah &#8211; Utrecht UniversityMohamed Daoudi &#8211; IMT Nord EuropeCelso de Melo &#8211; US Army DEVCOM Research LaboratoryAnna Esposito &#8211; Universit\u00e0 della Campania Luigi VanvitelliAli Etemad &#8211; Queen&#8217;s UniversityDidem Gurdur Broo &#8211; Uppsala UniversitySaurabh Hinduja &#8211; CGI Technologies and SolutionsJesse Hoey &#8211; University of WaterlooHeysem Kaya &#8211; Utrecht UniversityMaurizio Mancini &#8211; Sapienza University of [&hellip;]","og_url":"https:\/\/acii-conf.net\/2026\/index.php\/senior-program-committee\/","og_site_name":"ACII 2026","article_modified_time":"2026-03-01T23:39:17+00:00","twitter_card":"summary_large_image","twitter_misc":{"Est. reading time":"1 minute"},"schema":{"@context":"https:\/\/schema.org","@graph":[{"@type":"WebPage","@id":"https:\/\/acii-conf.net\/2026\/index.php\/senior-program-committee\/","url":"https:\/\/acii-conf.net\/2026\/index.php\/senior-program-committee\/","name":"Senior Program Committee - ACII 2026","isPartOf":{"@id":"https:\/\/acii-conf.net\/2026\/#website"},"datePublished":"2025-12-11T23:53:06+00:00","dateModified":"2026-03-01T23:39:17+00:00","breadcrumb":{"@id":"https:\/\/acii-conf.net\/2026\/index.php\/senior-program-committee\/#breadcrumb"},"inLanguage":"en-US","potentialAction":[{"@type":"ReadAction","target":["https:\/\/acii-conf.net\/2026\/index.php\/senior-program-committee\/"]}]},{"@type":"BreadcrumbList","@id":"https:\/\/acii-conf.net\/2026\/index.php\/senior-program-committee\/#breadcrumb","itemListElement":[{"@type":"ListItem","position":1,"name":"Home","item":"https:\/\/acii-conf.net\/2026\/"},{"@type":"ListItem","position":2,"name":"Senior Program Committee"}]},{"@type":"WebSite","@id":"https:\/\/acii-conf.net\/2026\/#website","url":"https:\/\/acii-conf.net\/2026\/","name":"ACII 2026","description":"","publisher":{"@id":"https:\/\/acii-conf.net\/2026\/#organization"},"potentialAction":[{"@type":"SearchAction","target":{"@type":"EntryPoint","urlTemplate":"https:\/\/acii-conf.net\/2026\/?s={search_term_string}"},"query-input":{"@type":"PropertyValueSpecification","valueRequired":true,"valueName":"search_term_string"}}],"inLanguage":"en-US"},{"@type":"Organization","@id":"https:\/\/acii-conf.net\/2026\/#organization","name":"ACII 2026","url":"https:\/\/acii-conf.net\/2026\/","logo":{"@type":"ImageObject","inLanguage":"en-US","@id":"https:\/\/acii-conf.net\/2026\/#\/schema\/logo\/image\/","url":"https:\/\/acii-conf.net\/2026\/wp-content\/uploads\/2025\/12\/SiteLogo.png","contentUrl":"https:\/\/acii-conf.net\/2026\/wp-content\/uploads\/2025\/12\/SiteLogo.png","width":1024,"height":1024,"caption":"ACII 2026"},"image":{"@id":"https:\/\/acii-conf.net\/2026\/#\/schema\/logo\/image\/"}}]}},"_links":{"self":[{"href":"https:\/\/acii-conf.net\/2026\/index.php\/wp-json\/wp\/v2\/pages\/104","targetHints":{"allow":["GET"]}}],"collection":[{"href":"https:\/\/acii-conf.net\/2026\/index.php\/wp-json\/wp\/v2\/pages"}],"about":[{"href":"https:\/\/acii-conf.net\/2026\/index.php\/wp-json\/wp\/v2\/types\/page"}],"author":[{"embeddable":true,"href":"https:\/\/acii-conf.net\/2026\/index.php\/wp-json\/wp\/v2\/users\/1"}],"replies":[{"embeddable":true,"href":"https:\/\/acii-conf.net\/2026\/index.php\/wp-json\/wp\/v2\/comments?post=104"}],"version-history":[{"count":4,"href":"https:\/\/acii-conf.net\/2026\/index.php\/wp-json\/wp\/v2\/pages\/104\/revisions"}],"predecessor-version":[{"id":385,"href":"https:\/\/acii-conf.net\/2026\/index.php\/wp-json\/wp\/v2\/pages\/104\/revisions\/385"}],"wp:attachment":[{"href":"https:\/\/acii-conf.net\/2026\/index.php\/wp-json\/wp\/v2\/media?parent=104"}],"curies":[{"name":"wp","href":"https:\/\/api.w.org\/{rel}","templated":true}]}}