{"id":671,"date":"2025-04-13T09:56:57","date_gmt":"2025-04-12T23:56:57","guid":{"rendered":"https:\/\/acii-conf.net\/2025\/?page_id=671"},"modified":"2025-10-10T15:03:51","modified_gmt":"2025-10-10T04:03:51","slug":"full-program-schedule","status":"publish","type":"page","link":"https:\/\/acii-conf.net\/2025\/full-program-schedule\/","title":{"rendered":"Full Program Schedule"},"content":{"rendered":"\t\t<div data-elementor-type=\"wp-page\" data-elementor-id=\"671\" class=\"elementor elementor-671\">\n\t\t\t\t<div class=\"elementor-element elementor-element-cfa412f e-flex e-con-boxed e-con e-parent\" data-id=\"cfa412f\" data-element_type=\"container\">\n\t\t\t\t\t<div class=\"e-con-inner\">\n\t\t\t\t<div class=\"elementor-element elementor-element-0af15dd elementor-widget elementor-widget-text-editor\" data-id=\"0af15dd\" data-element_type=\"widget\" data-widget_type=\"text-editor.default\">\n\t\t\t\t<div class=\"elementor-widget-container\">\n\t\t\t\t\t\t\t\t\t<h1>Full Program Schedule<\/h1><div><div><strong>Please note that the following schedule is tentative and subject to change.<\/strong><\/div><div>The acceptance rate for the main track at ACII 2025 was 38.7%.<\/div><div>Papers available at <a href=\"https:\/\/drive.google.com\/drive\/folders\/1dXp1nnjCWVtkrKUf3brDJWATsqZ7F0vW?usp=sharing\" target=\"_blank\" rel=\"noopener\">https:\/\/drive.google.com\/drive\/folders\/1dXp1nnjCWVtkrKUf3brDJWATsqZ7F0vW?usp=sharing<\/a> (Preprint prior to publication of proceedings on IEEExplore)<\/div><div>\u00a0<\/div><h3><strong>Day 1 &#8211; Wednesday &#8211; 8 October 2025 (National Ballroom 2)<\/strong><\/h3><figure><table><tbody><tr><td>08:00-18:00<\/td><td><b>Registration<\/b> (Foyer)<\/td><\/tr><tr><td>08:30-09:00<\/td><td><b>Opening Ceremony and Welcome to Country<\/b><\/td><\/tr><tr><td>09.00-10.00<\/td><td><p><b>Keynote 1:<\/b> <em>A Bidirectional Lens on Context and Emotional Expressions<\/em>, by <strong><span style=\"font-family: inherit; font-size: inherit;\">Prof Ursula Hess\u00a0 \u00a0\u00a0<\/span><\/strong><\/p><p><span style=\"text-decoration: underline;\">Session Chair<\/span>: Roland Goecke<\/p><\/td><\/tr><tr><td>10:00-10:30<\/td><td><b>Coffee Break<\/b> (Foyer)<\/td><\/tr><tr><td>10:30-12:30<\/td><td><p><strong>Session 1 &#8211; Datasets, Tools, and Emotion<\/strong><\/p><p><u>Session Chair<\/u>:<em> Jon Gratch<\/em><\/p><ul><li><em>Miao Cheng, Chia-Huei Tseng, Ken Fujiwara, Victor Schneider and Yoshifumi Kitamura,\u00a0<\/em><span style=\"color: #0000ff;\">Asian Emotional Body Movement Database: Diverse Intercultural E-Motion Database of Asian Performers (DIEM-A)<\/span> (paper ID 36)<\/li><li><em>Eduardo Gutierrez Maestro, Hadi Banaee and Amy Loutfi,\u00a0<\/em><span style=\"color: #0000ff;\">Affective Priming Score: A Data-Driven Method to Detect Priming in Sequential Datasets<\/span> (paper ID 55)<\/li><li><em>Sarra Graja, George Lovell, Kenneth Scott-Brown and Kenneth Fee,\u00a0<\/em><span style=\"color: #0000ff;\">ANX: a multimodal affective dataset for anxiety related emotions over extended sessions<\/span> (paper ID 74)<\/li><li><em>Soujanya Narayana, Ravikiran Parameshwara, Ibrahim Radwan, Akshay Asthana, Roland Goecke and Ramanathan Subramanian,\u00a0<\/em><span style=\"color: #0000ff;\">Diversity benefits: Integrating Datasets for Improved Valence Estimation<\/span> (paper ID 99)<\/li><li><em>Jingyao Wu, Matthew Barthet, David Melhart and Georgios Yannakakis,\u00a0<\/em><span style=\"color: #0000ff;\">Emotions as Ambiguity-aware Ordinal Representations,\u00a0Emotions as Ambiguity-aware Ordinal Representation<\/span> (paper ID 52)<\/li><li><i>Yupei Li, Qiyang Sun, Sunil Munthumoduku Krishna Murthy, Emran Alturki and Bj\u00f6rn W. Schuller,\u00a0<\/i><span style=\"color: #0000ff;\">GatedxLSTM: A Multimodal Affective Computing Approach for Emotion Recognition in Conversations<\/span> (paper ID 8)<\/li><li><i>Hiroto Sakimura, Takayuki Nagaya, Tomoki Nishi, Tetsuo Kurahashi, Katsunori Kohda and Nobuhiko Muramoto,\u00a0<\/i><span style=\"color: #0000ff;\">Long-term variability in Physiological-Arousal Relationships for Robust Emotion Estimation<\/span> (paper ID 17)<\/li><li><i>Mirella Hladk\u00fd, Bin Han, Jonathan Gratch, Patrick Gebhard and Tanja Schneeberger,\u00a0<\/i><span style=\"color: #0000ff;\">Steal and Smile: Impact of Emotion Regulation and Social Values on Smiles in Social Conflicts<\/span> (paper ID 59)<\/li><\/ul><\/td><\/tr><tr><td>12:30-14:00<\/td><td><b>Lunch<\/b> (Foyer)<\/td><\/tr><tr><td>14:00-15:30<\/td><td><b>Session 2 &#8211; Face and Physiology<\/b><br \/><u>Session Chair<\/u>:\u00a0<i>Monica Perusquia-Hernandez<\/i><ul><li>Lennart Eing, Cristina Luna-Jim\u00e9nez, Silvan Mertes and Elisabeth Andr\u00e9, <span style=\"color: #0000ff;\">Video Joint-Embedding Predictive Architectures for Facial\u00a0<\/span><span style=\"color: #0000ff;\">Expression Recognition <\/span><span style=\"color: #000000;\">(paper ID 27)<\/span><\/li><li>Daniel Stanley Tan and Deniz Iren, <span style=\"color: #0000ff;\">Generating Synthetic Images with Asymmetric Facial Expressions for Inclusive Facial Expression Recognition <span style=\"color: #000000;\">(paper ID 45)<\/span><\/span><\/li><li>Mana Mahmoudi, Oana Madalina Fron and Bernd Dudzik, <span style=\"color: #0000ff;\">Expert Involvement in Facial Emotion Recognition: A Systematic Review <span style=\"color: #000000;\">(paper ID 62)<\/span><\/span><\/li><li>Jialin Li, Munachiso Nwadike and Hanan Salam, <span style=\"color: #0000ff;\">Improving Personalisation in Valence and Arousal Prediction using Data Augmentation <span style=\"color: #000000;\">(paper ID 77)<\/span><\/span><\/li><li>Jiawei Wang, Temitayo Olugbade, Tom Davison and Nadia, <span style=\"color: #0000ff;\">Berthouze Detecting Car Passenger Comfort Levels through Physiological Sensing and Machine Learning <span style=\"color: #000000;\">(paper ID 44)<\/span><\/span><\/li><li>Saskia Davies, Tom Owen and Sean Walton, <span style=\"color: #0000ff;\">Qualitative exploration of physiological mannerisms of acrophobia during virtual reality heights exposure <span style=\"color: #000000;\">(paper ID 64)<\/span><\/span><\/li><\/ul><\/td><\/tr><tr><td>15:30-16:00<\/td><td><b>Coffee Break<\/b> (Foyer)<\/td><\/tr><tr><td>16:00-17:00<\/td><td><b>Keynote 2:<\/b> Recognise, Interpret, Simulate&#8230; Now What? Translating AI to Make Clinical Impact, by <strong><span data-olk-copy-source=\"MessageBody\">A\/Prof <\/span>Dom Dwyer<\/strong><br \/><u>Session Chair<\/u>: <i>Abhinav Dhall<\/i><\/td><\/tr><tr><td>17:00-18:00<\/td><td><p><b>Demo Session<\/b><\/p><p><span style=\"text-decoration: underline;\">Session Chair<\/span>: Ram Subramanian<\/p><ul><li>Pierrich Plusquellec, Sara Saint-Pierre Cote, Lesly Nzeusseu Kouamou, Marc-Andr\u00e9 Mass\u00e9, Vincent Denault, Nathe Fran\u00e7ois, Noel Rignon and Melanie Guerin, <span style=\"color: #0000ff;\">Emotion AI in the Wild: A Live Demo of EmoScienS for Real-World Emotional Health Monitoring <span style=\"color: #000000;\">(paper ID 125)<\/span><\/span><\/li><li>Su Zhang and Sara Gudeman: <span style=\"color: #0000ff;\">Mira &#8211; An Emotionally Aware Ikigai Coach <span style=\"color: #000000;\">(paper ID 126)<\/span><\/span><\/li><li>Elena Abaskulieva and Yakov Bondarenko<span style=\"color: #0000ff;\"> Uncovering the Hidden Structure of Spontaneous Facial Behavior: The Role of Lateralized Action Unit with our technology <span style=\"color: #000000;\">(paper ID 127)<\/span><\/span><\/li><li>Ravi Varman Selvakumaran, Muntasir Adnan, Wenxin Zhang, Blooma John, Braden McGrath and Ramanathan Subramanian: <span style=\"color: #0000ff;\">A Virtual Reality Game for Cognitive-Motor Training with Biofeedback Analytics <span style=\"color: #000000;\">(paper ID 128)<\/span><\/span><\/li><li>Himanshi Lalwani and Hanan Salam: <span style=\"color: #0000ff;\">Enhancing Task Management and Focus in Higher Education Students with ADHD Using a Socially Assistive Robot <span style=\"color: #000000;\">(paper ID 129)<\/span><\/span><\/li><\/ul><\/td><\/tr><tr><td>18:00-20:00<\/td><td><b>Welcome Reception<\/b> (Foyer)<\/td><\/tr><\/tbody><\/table><h3><strong>\u00a0<\/strong><\/h3><h3><strong>Day 2 &#8211; Thursday &#8211; 9 October 2025 (National Ballroom 2)<\/strong><\/h3><figure><table><tbody><tr><td>08:00-18:00<\/td><td><b>Registration<\/b> (Foyer)<\/td><\/tr><tr><td>08:00-09:00<\/td><td><b>Breakfast<\/b> (Foyer)<\/td><\/tr><tr><td>09:00-10:00<\/td><td><b>Keynote 3: <\/b><span lang=\"EN-GB\">Modelling and Simulating Cyber-Physical-Social Behaviours with Multimodal Data, by <\/span><b><span lang=\"EN-GB\">Pro<\/span><\/b><strong><span lang=\"EN-GB\">f<\/span> Flora Salim<\/strong><br \/><u>Session Chair<\/u>: <i>Roland Goecke<\/i><\/td><\/tr><tr><td>10:00-10:30<\/td><td><b>Coffee Break<\/b> (Foyer)<\/td><\/tr><tr><td>10:30-12:30<\/td><td><p><strong>Session 3 &#8211;\u00a0<\/strong><b>Speech and LLMs<\/b><\/p><p><u>Session Chair<\/u>:<em>\u00a0<\/em><i>Roland Goecke<\/i><\/p><ul><li>Jaya Narain, Amrit Romana, Vikram Mitra, Colin Lea and Shirley Ren, <span style=\"color: #0000ff;\">Affect Models Have Weak Generalizability to Atypical Speech <span style=\"color: #000000;\">(paper ID 28)<\/span><\/span><\/li><li>Amrit Romana, Jaya Narain, Tien Dung Tran, Andrea Davis, Jason Fong, Ramya Rasipuram and Vikramjit Mitra, <span style=\"color: #0000ff;\">Switchboard-Affect: Emotion Perception Labels from Conversational Speech <span style=\"color: #000000;\">(paper ID 63)<\/span><\/span><\/li><li>Abinay Reddy Naini and Carlos Busso, <span style=\"color: #0000ff;\">Multi-Dimensional Ordinal Embedding for Attribute Modeling in Speech Emotion Recognition <span style=\"color: #000000;\">(paper ID 73)<\/span><\/span><\/li><li>Rui Amorim de Oliveira Pimenta, Tim Schlippe and Kristina Schaaff, <span style=\"color: #0000ff;\">Assessing Consciousness-Related Behaviors in Large Language Models Using the Maze Test <span style=\"color: #000000;\">(paper ID 14)<\/span><\/span><\/li><li>Samad Roohi, Richard Skarbez and Hien Nguyen, <span style=\"color: #0000ff;\">Uncertainty-Aware Affect Prediction in Conversation Using Conformal Prediction <span style=\"color: #000000;\">(paper ID 22)<\/span><\/span><\/li><li>Xiaojiang He, Yushan Pan, Nan Xiang, Yangbin Chen and Zhijie Xu, <span style=\"color: #0000ff;\">An Active Learning-based Global-Distribution Attention Model for Multimodal Sentiment Analysis <span style=\"color: #000000;\">(paper ID 03)<\/span><\/span><\/li><li>Siyuan Zhang, Shun Chen, Zhuofan Wen, Hailiang Yao, Zheng Lian, Zhengqi Wen, Bin Liu and Jianhua Tao, <span style=\"color: #0000ff;\">LLM-Driven Multimodal Fusion: Enhancing Depression Detection through Textual Feature Augmentation <span style=\"color: #000000;\">(paper ID 80)<\/span><\/span><\/li><li>Hiromi Narimatsu, Xijia Wei, Keishi Nomura, Nadia Berthouze and Shiro Kumano, <span style=\"color: #0000ff;\">Emotion in Art-Elicited Texts, Interpreted by GPT-4o: Self vs. Third-Person Perspectives <span style=\"color: #000000;\">(paper ID 85)<\/span><\/span><\/li><\/ul><\/td><\/tr><tr><td>12:30-14:00<\/td><td><b>Lunch<\/b> (Foyer)<\/td><\/tr><tr><td>14:00-14:45<\/td><td><p><strong>Ask me Anything <\/strong><\/p><p><strong>Panel: <\/strong>Prof Ursula Hess, Prof Flora Salim, Prof Yaser Sheikh, and A\/Prof Dom Dwyer<\/p><p><u>Moderator:<\/u><strong>\u00a0<\/strong><i>Marwa Mahmoud<\/i><\/p><\/td><\/tr><tr><td>14:45-15:30<\/td><td><b>Session 4 &#8211; Medical<\/b><br \/><u>Session Chair<\/u>:\u00a0<i>Marwa Mahmoud<\/i><ul><li>B Ashwini, Sanmay Sood, Pratyush Jain and Jainendra Shukla, <span style=\"color: #0000ff;\">Towards Context-Aware Multimodal AI for Assessment of Autism in Children <span style=\"color: #000000;\">(paper ID 60)<\/span><\/span><\/li><li>Sunday David Ubur, Denis Gracanin and Eugenia H Rho, <span style=\"color: #0000ff;\">Adaptive Captioning with Emotional Cues: Supporting DHH and Neurodiverse Learners in STEM <span style=\"color: #000000;\">(paper ID 71)<\/span><\/span><\/li><li>David Kalina, Umar Khan, Sumair Aziz, Julio Romero, Hugo Posada-Quintero, Roland Goecke and Raul Fernandez-Rojas, <span style=\"color: #0000ff;\">Assessing Pain Relief in Virtual Reality: A Multimodal and Machine Learning Approach <span style=\"color: #000000;\">(paper ID 98)<\/span><\/span><\/li><\/ul><\/td><\/tr><tr><td>15:30-16:00<\/td><td><b>Coffee Break<\/b> (Foyer)<\/td><\/tr><tr><td>16:00-17:30<\/td><td><b>Session 5\u00a0&#8211; Mental Health<\/b><br \/><u>Session Chair<\/u>:\u00a0<i>Gary McKeown<\/i><ul><li>Ruyi Wang, <span style=\"color: #0000ff;\">caseKG: A LLM-Based Knowledge Graph for Mental Schema Analysis <span style=\"color: #000000;\">(paper ID 21)<\/span><\/span><\/li><li>Louis Simon and Mohamed Chetouani, <span style=\"color: #0000ff;\">Learning Longitudinal Stress Dynamics from Irregular Self-Reports via Time Embeddings <span style=\"color: #000000;\">(paper ID 70)<\/span><\/span><\/li><li>Stan Meyberg, Gizem Sogancioglu and Heysem Kaya, <span style=\"color: #0000ff;\">Balancing Performance and Fairness: The Role of Text in Multimodal Depression Detection in Vlogs <span style=\"color: #000000;\">(paper ID 57)<\/span><\/span><\/li><li>Hinako Kizawa and Yoshiko Arimoto, <span style=\"color: #0000ff;\">Physiological analysis on the effect of laughter contagion on interlocutors\u2019 mental states <span style=\"color: #000000;\">(paper ID 05)<\/span><\/span><\/li><li>Kexin Feng and Theodora Chaspari, <span style=\"color: #0000ff;\">The Impact of Explainable AI on Human Decision-Making in Speech-Based Depression Assessment <span style=\"color: #000000;\">(paper ID 11)<\/span><\/span><\/li><\/ul><\/td><\/tr><tr><td>17:30-18:00<\/td><td><b>LBR Flash Talks (5min)<\/b><br \/><u>Session Chair<\/u>: <i>Hugo Posada-Quintero<\/i><ul><li>Boning Zhao and Xiao Sun, <span style=\"color: #0000ff;\">Human Empathy as Encoder: AI-Assisted Depression Assessment in Special Education <span style=\"color: #000000;\">(paper ID 111)<\/span><\/span><\/li><li>Amir Ansari, Jana Subirana, Bruna Silva, Sergio Escalera, David Gallardo-Pujol and Cristina Palmero, <span style=\"color: #0000ff;\">Enhancing Personality Recognition by Comparing the Predictive Power of Traits, Facets, and Nuances <span style=\"color: #000000;\">(paper ID 123)<\/span><\/span><\/li><li>Hiroyuki Sakakibara and Kazunori Terada, <span style=\"color: #0000ff;\">Context- and Personality-Aware Emotional Expression Design via Creator-Embodied Agents: A Pilot Study <span style=\"color: #000000;\">(paper ID 115)<\/span><\/span><\/li><li>Chenyu Zhang, Sharifa Alghowinem and Cynthia Breazeal, <span style=\"color: #0000ff;\">Ensembling Large-Language Models to Characterize Affective Dynamics in Student-AI Tutor Dialogues <span style=\"color: #000000;\">(paper ID 120)<\/span><\/span><\/li><li>Hong Jia, Shiya Fu, Feng Xia, Vassilis Kostakos and Ting Dang, <span style=\"color: #0000ff;\">Beyond Scale: Small Language Models are Comparable to GPT-4 in Mental Health Understanding <span style=\"color: #000000;\">(paper ID 113)<\/span><\/span><\/li><li>Pierrich Plusquellec, Sara Saint-Pierre-C\u00f4t\u00e9, Marc-Andr\u00e9 Mass\u00e9, Lesly Nzeusseu Kouamou, Pamela Lirio and Vincent Denault, <span style=\"color: #0000ff;\">Emotion AI in the Wild: Responsible Deployment of Affective Computing in Real-world Workplaces <span style=\"color: #000000;\">(paper ID 116)<\/span><\/span><\/li><\/ul><\/td><\/tr><tr><td>18:00-19:00<\/td><td><b>DC and LBR posters<\/b><br \/>15 posters from previous LBR and DC<span style=\"text-decoration: underline;\">Session Chair<\/span>: <i>Carlos Busso<\/i><span style=\"font-weight: 400;\"><span style=\"color: #0000ff;\"><span style=\"color: #333333;\">Raquel Yupanqui,<\/span> Multimodal AI in the Assessment and Communication of Health Risks in a Changing Environment\u00a0\u00a0<\/span><\/span><p><span style=\"color: #0000ff;\"><span style=\"color: #333333;\">Lennart Eing,<\/span> Enhancing Machine Sign Language Understanding by the Use of Auxiliary Data<\/span><\/p><p><span style=\"font-weight: 400;\"><span style=\"color: #0000ff;\"><span style=\"color: #333333;\">\u0141ukasz Culer<\/span>, The Heart Wants What it Wants: How Can ECG Foundation Models Help Us Understand Emotions?<\/span><\/span><\/p><p><span style=\"font-weight: 400;\"><span style=\"color: #0000ff;\"><span style=\"color: #333333;\">Stan Meyberg,<\/span> Fair, Explainable, and Personalized Treatment Outcome Modelling in Mental Healthcare<\/span>\u00a0<\/span><\/p><p><span style=\"font-weight: 400;\"><span style=\"color: #0000ff;\"><span style=\"color: #333333;\">Jiawei Wang,<\/span> Affective Multimodal Modeling and Chatbot Design for Responsible Retail and Clothing Try-on<\/span>\u00a0<\/span><\/p><p><span style=\"font-weight: 400;\"><span style=\"color: #0000ff;\"><span style=\"color: #333333;\">Pritesh Contractor,<\/span> Decoding Social Interaction to Understand Traumatic Behaviors in Social Dynamics<\/span>\u00a0<\/span><\/p><\/td><\/tr><tr><td>19:00-23:00<\/td><td><b>Gala Dinner at the\u00a0<\/b><a href=\"https:\/\/nga.gov.au\/\" target=\"_blank\" rel=\"noopener\">National Gallery of Australia<\/a><b>\u00a0(Gandel Hall)<\/b><\/td><\/tr><\/tbody><\/table><div><strong>\u00a0<\/strong><\/div><\/figure><\/figure><\/div><h3><strong>Day 3 &#8211; Friday &#8211; 10 October 2025 (National Ballroom 2)<\/strong><\/h3><div><strong>\u00a0<\/strong><\/div><figure><table><tbody><tr><td>08:00-18:00<\/td><td><b>Registration<\/b> (Foyer)<\/td><\/tr><tr><td>08:00-09:00<\/td><td><b>Breakfast<\/b> (Foyer)<\/td><\/tr><tr><td>09:00-10:00<\/td><td><p><b>Keynote 4: <\/b>Photorealistic Telepresence, by <b><strong>Prof Yaser Sheikh<\/strong><\/b><\/p><p><u>Session Chair:<\/u>\u00a0<i>Elisabeth Andr\u00e9<\/i><\/p><\/td><\/tr><tr><td>10:00-10:30<\/td><td><b>Coffee Break<\/b> (Foyer)<\/td><\/tr><tr><td>10:30-12:30<\/td><td><b>Session 6 &#8211; Gesture, Body, and Agents<br \/><\/b><u>Session Chair<\/u>:<em>\u00a0<\/em><i>Nadia Berthouze<\/i><ul><li>Xin Wei, Huakun Liu, Felix Dollack and Monica, Perusquia-Hernandez, <span style=\"color: #0000ff;\">From the movement of my opponent: Temporal gesture recognition from electromyography in the Rock-Paper-Scissors game <span style=\"color: #000000;\">(paper ID 83)<\/span><\/span><\/li><li>Fettah Kiran, Md Tanim Hasan, Kaushik Ganeshan, Gayatri, Bhatambarekar, Abhijit Sarkar and Ioannis Pavlidis, <span style=\"color: #0000ff;\">Method of Extraction and Affective Role of Facial Self-Touch Gestures in Knowledge Work <span style=\"color: #000000;\">(paper ID 12)<\/span><\/span><\/li><li>Eleonora Ceccaldi and Gualtiero Volpe, <span style=\"color: #0000ff;\">CEST: Integrating Cognitive Science and Bayesian Change-Point Detection for Behavior Segmentation <span style=\"color: #000000;\">(paper ID 56)<\/span><\/span><\/li><li>Huakun Liu, Miao Cheng, Xin Wei, Felix Dollack, Victor Schneider, Hideaki Uchiyama, Chia-Huei Tseng, Yoshifumi Kitamura and Monica, Perusquia-Hernandez, <span style=\"color: #0000ff;\">Generative Learning as a Tool to Improve Perception of Emotional Body Motion Expressions <span style=\"color: #000000;\">(paper ID 91)<\/span><\/span><\/li><li>Masum Hasan, Cengiz Ozel, Nina Long, Alexander Martin, Sammy Potter, Tariq Adnan, Sangwu Lee and Ehsan Hoque,<span style=\"color: #0000ff;\"> Hi5: Synthetic Data for Inclusive, Robust, Hand Pose Estimation <span style=\"color: #000000;\">(paper ID 46)<\/span><\/span><\/li><li>Ruoyu Wen, Xiaoli Wu, Kunal Gupta, Simon Hoermann, Mark Billinghurst, Alaeddin Nassani, Dwain Allan and Thammathip Piumsomboon, <span style=\"color: #0000ff;\">Investigating AI in Peer Support via Multi-Module System-Driven Embodied Conversational Agents <span style=\"color: #000000;\">(paper ID 10)<\/span><\/span><\/li><li>Sushrita Rakshit, James Hale, Kushal Chawla, Jeanne M. Brett and Jonathan Gratch, <span style=\"color: #0000ff;\">Emotionally-Aware Agents for Dispute Resolution <span style=\"color: #000000;\">(paper ID 81)<\/span><\/span><\/li><\/ul><\/td><\/tr><tr><td>12:30-14:00<\/td><td><b>Lunch<\/b> (Foyer)<\/td><\/tr><tr><td>14:00-14:30<\/td><td><b>DC Flash Talks (3min)<\/b><br \/><u>Session Chair<\/u>:\u00a0<i>Gelareh Mohammadi<\/i><ul><li>Raquel Yupanqui, <span style=\"color: #0000ff;\">Multimodal AI in the Assessment and Communication of Health Risks in a Changing Environment <span style=\"color: #000000;\">(paper ID 106)<\/span><\/span><\/li><li style=\"font-weight: 400;\" aria-level=\"1\"><span style=\"font-weight: 400;\">Lennart Eing, <span style=\"color: #0000ff;\">Enhancing Machine Sign Language Understanding by the Use of Auxiliary Data <span style=\"color: #000000;\">(paper ID 118)<\/span><\/span><\/span><\/li><li>\u0141ukasz Culer, <span style=\"color: #0000ff;\">The Heart Wants What it Wants: How Can ECG Foundation Models Help Us Understand Emotions? <span style=\"color: #000000;\">(paper ID 112)<\/span><\/span><\/li><li>Stan Meyberg <span style=\"color: #0000ff;\">Fair, Explainable, and Personalized Treatment Outcome Modelling in Mental Healthcare <span style=\"color: #000000;\">(paper ID 109)<\/span><\/span><\/li><li>Jiawei Wang, <span style=\"color: #0000ff;\">Affective Multimodal Modeling and Chatbot Design for Responsible Retail and Clothing Try-on <span style=\"color: #000000;\">(paper ID 110)<\/span><\/span><\/li><li>Pritesh Contractor, <span style=\"color: #0000ff;\">Decoding Social Interaction to Understand Traumatic Behaviors in Social Dynamics <span style=\"color: #000000;\">(paper ID 121)<\/span><\/span><\/li><\/ul><\/td><\/tr><tr><td>14:30-15:15<\/td><td><b>AAAC Town Hall<\/b><\/td><\/tr><tr><td>15:15<\/td><td><b>Closing Ceremony Main Conference<\/b><\/td><\/tr><\/tbody><\/table><\/figure><h3><strong>\u00a0<\/strong><\/h3><h3><strong>Day 4 &#8211; Saturday &#8211; 11 October 2025 (Various)<\/strong><\/h3><figure><table><tbody><tr><td>08:00-18:00<\/td><td><b>Registration<\/b><\/td><\/tr><tr><td>08:00-09:00<\/td><td><b>Breakfast<\/b> (Foyer)<\/td><\/tr><tr><td>09:00-14:00<\/td><td><b>Doctoral Consortium <a href=\"https:\/\/acii-conf.net\/2025\/doctoral-consortium\/\">(Link)<\/a><\/b> in Boardroom 1<\/td><\/tr><tr><td>10:00-10:30<\/td><td><b>Coffee Break<\/b><\/td><\/tr><tr><td>12:30-14:00<\/td><td><b>Lunch<\/b><\/td><\/tr><tr><td>15:30-16:00<\/td><td><b>Coffee Break<\/b><\/td><\/tr><tr><td>09:00-18:00<\/td><td><b>Workshops (<a href=\"https:\/\/acii-conf.net\/2025\/workshops\/\">Link<\/a>) &amp; Tutorials (<a href=\"https:\/\/acii-conf.net\/2025\/tutorials\/\">Link<\/a>)<\/b><br \/><strong>Multilingual and Multimodal Affective Computing (MMAC)<\/strong> (<a href=\"https:\/\/sites.google.com\/view\/mmac-acii2025\/\" target=\"_blank\" rel=\"noopener\">Link<\/a>) in High Courtyard North<br \/><strong>The First \u201cX-ITE PAIN\u201d Challenge 2025<\/strong> (<a href=\"https:\/\/sites.google.com\/view\/xitepainchallenge\/home\" target=\"_blank\" rel=\"noopener\">Link<\/a>) in Boardroom 3+4<br \/>Tutorial 1 (Morning): <strong>Understanding and Mitigating Bias in Emotion Recognition Systems<\/strong> (<a href=\"https:\/\/woanshiuanchien.github.io\/bias-in-emotion-recognition-system\/#\" target=\"_blank\" rel=\"noopener\">Link<\/a>) in High Courtyard South<br \/>Tutorial 2 (Afternoon): <strong>Introduction to Multimodal Behaviour Analysis for Interactive AI<\/strong> (<a href=\"https:\/\/webspace.science.uu.nl\/~salah006\/mba25\/\" target=\"_blank\" rel=\"noopener\">Link<\/a>) in High Courtyard South<\/td><\/tr><\/tbody><\/table><\/figure>\t\t\t\t\t\t\t\t<\/div>\n\t\t\t\t<\/div>\n\t\t\t\t\t<\/div>\n\t\t\t\t<\/div>\n\t\t\t\t<\/div>\n\t\t","protected":false},"excerpt":{"rendered":"<p>Full Program Schedule Please note that the following schedule is tentative and subject to change.The acceptance rate for the main track at ACII 2025 was 38.7%.Papers available at https:\/\/drive.google.com\/drive\/folders\/1dXp1nnjCWVtkrKUf3brDJWATsqZ7F0vW?usp=sharing (Preprint prior to publication of proceedings on IEEExplore)\u00a0 Day 1 &#8211; Wednesday &#8211; 8 October 2025 (National Ballroom 2) 08:00-18:00 Registration (Foyer) 08:30-09:00 Opening Ceremony and Welcome to Country 09.00-10.00 Keynote [&hellip;]<\/p>\n","protected":false},"author":1,"featured_media":0,"parent":0,"menu_order":0,"comment_status":"closed","ping_status":"closed","template":"","meta":{"om_disable_all_campaigns":false,"footnotes":""},"class_list":["post-671","page","type-page","status-publish","hentry"],"_links":{"self":[{"href":"https:\/\/acii-conf.net\/2025\/wp-json\/wp\/v2\/pages\/671","targetHints":{"allow":["GET"]}}],"collection":[{"href":"https:\/\/acii-conf.net\/2025\/wp-json\/wp\/v2\/pages"}],"about":[{"href":"https:\/\/acii-conf.net\/2025\/wp-json\/wp\/v2\/types\/page"}],"author":[{"embeddable":true,"href":"https:\/\/acii-conf.net\/2025\/wp-json\/wp\/v2\/users\/1"}],"replies":[{"embeddable":true,"href":"https:\/\/acii-conf.net\/2025\/wp-json\/wp\/v2\/comments?post=671"}],"version-history":[{"count":207,"href":"https:\/\/acii-conf.net\/2025\/wp-json\/wp\/v2\/pages\/671\/revisions"}],"predecessor-version":[{"id":2199,"href":"https:\/\/acii-conf.net\/2025\/wp-json\/wp\/v2\/pages\/671\/revisions\/2199"}],"wp:attachment":[{"href":"https:\/\/acii-conf.net\/2025\/wp-json\/wp\/v2\/media?parent=671"}],"curies":[{"name":"wp","href":"https:\/\/api.w.org\/{rel}","templated":true}]}}